{"id":7357,"date":"2020-10-20T18:07:09","date_gmt":"2020-10-20T18:07:09","guid":{"rendered":"https:\/\/www.sobicain.org\/?page_id=7357"},"modified":"2020-10-21T10:40:50","modified_gmt":"2020-10-21T10:40:50","slug":"note-legali","status":"publish","type":"page","link":"https:\/\/biblewebapp.sobicain.org\/it\/note-legali\/","title":{"rendered":"Note legati"},"content":{"rendered":"<h2>Note legati<\/h2>\n<p><strong>Dati di identificazione <\/strong><\/p>\n<p>1. In ottemperanza al dovere di informazione contenuto nell&#8217;articolo 10 della Legge 34\/2002, dell&#8217;11 luglio, sui Servizi della Societ\u00e0 dell&#8217;Informazione e del Commercio Elettronico, si riportano di seguito i seguenti dati: 1. Stai visitando il sito www.sobicain.org di propriet\u00e0 del GRUPO SAN PABLO che include SAN PABLO COMUNICACI\u00d3N SSP con CIF: R7800045B, SAN PABLO DIFUSION SSP con CIF: R7800046J, SAN PABLO INTERNACIONAL SSP con CIF: R7800047H e SOCIEDAD DE SAN PABLO con CIF: R2800254A, con sede legale in calle Protasio G\u00f3mez, 15 (28027 MADRID), di seguito IL TITOLARE. Puoi contattare il TITOLARE con uno dei seguenti mezzi: Telefono: 917425113 E-mail di contatto: protecciondatos@sanpablo.es<\/p>\n<p><strong>Utenti<\/strong><br \/>\n2. Le presenti condizioni (di seguito Avviso legale) intendono regolare l&#8217;uso del sito web di THE PROPRIETARIO che mette a disposizione del pubblico. L&#8217;accesso e \/ o l&#8217;utilizzo di questo sito web attribuisce la condizione di UTENTE, che accetta, da detto accesso e \/ o utilizzo, le condizioni generali di utilizzo qui riportate. Le suddette condizioni saranno applicabili indipendentemente dalle condizioni generali di contratto che sono obbligatorie nel loro caso.<\/p>\n<p><strong>Utilizzo del portale<\/strong><br \/>\n3. www.sobicain.org fornisce accesso a una moltitudine di informazioni, servizi, programmi o dati (di seguito, &#8220;i contenuti&#8221;) su Internet appartenenti al TITOLARE o ai suoi licenziatari a cui l&#8217;UTENTE pu\u00f2 avere accesso. L&#8217;utente si assume la responsabilit\u00e0 per l&#8217;uso del portale. Questa responsabilit\u00e0 si estende alla registrazione necessaria per accedere a determinati servizi o contenuti. In tale registro, l&#8217;UTENTE sar\u00e0 responsabile di fornire informazioni veritiere e lecite. A seguito di tale registrazione, all&#8217;UTENTE pu\u00f2 essere fornita una password di cui sar\u00e0 responsabile, impegnandosi a farne un uso diligente e riservato. L&#8217;UTENTE si impegna a fare un uso appropriato dei contenuti e dei servizi (es. Servizi di chat, forum di discussione o newsgroup) che IL TITOLARE offre attraverso il proprio portale e con natura enunciativa ma non limitativa, a non utilizzarli per:<\/p>\n<ul>\n<li>Impegnarsi in attivit\u00e0 illecite, illegali o contrarie alla buona fede e all&#8217;ordine pubblico.<\/li>\n<li>Diffondere contenuti o propaganda razzisti, xenofobi, pornografici illegali, in difesa del terrorismo o di un attacco contro i diritti umani.<\/li>\n<li>Causare danni ai sistemi fisici e logici del GRUPO SAN PABLO, dei suoi fornitori o di terzi, introdurre o diffondere virus informatici o altri sistemi fisici o logici che possano causare i suddetti danni.<\/li>\n<li>Tentare di accedere e, se del caso, utilizzare gli account di posta elettronica di altri utenti e modificare o manipolare i loro messaggi.<\/li>\n<li>Utilizzare il sito Web o le informazioni in esso contenute per scopi commerciali, politici, pubblicitari e per qualsiasi uso commerciale, in particolare nell&#8217;invio di e-mail non richieste.<\/li>\n<\/ul>\n<p>IL TITOLARE si riserva il diritto di ritirare tutti quei commenti e contributi che violano il rispetto della dignit\u00e0 della persona, che siano discriminatori, xenofobi, razzisti, pornografici, che violino la giovinezza o l&#8217;infanzia, l&#8217;ordine o la sicurezza pubblica o che , a suo avviso, non sar\u00e0 idoneo alla pubblicazione. In ogni caso, IL PROPRIETARIO non sar\u00e0 responsabile delle opinioni espresse dagli utenti attraverso forum, chat o altri strumenti di partecipazione.<\/p>\n<p><strong>Protezione dati<\/strong><br \/>\n4. Tutto ci\u00f2 che riguarda la politica sulla protezione dei dati \u00e8 incluso nel documento <a href=\"https:\/\/biblewebapp.sobicain.org\/it\/privacy-policy\/\">sulla politica sulla privacy<\/a>.<\/p>\n<p><strong>Contenuti. Propriet\u00e0 intellettuale e industriale<\/strong><br \/>\n5. IL PROPRIETARIO \u00e8 titolare di tutti i diritti di propriet\u00e0 intellettuale e industriale della sua pagina web, nonch\u00e9 degli elementi in essa contenuti (a titolo esemplificativo: immagini, fotografie, suoni, audio, video, software o testi; marchi o loghi, combinazioni di colori, struttura e design, selezione dei materiali utilizzati, programmi per computer necessari per il suo funzionamento, accesso e utilizzo, ecc.), di propriet\u00e0 del PROPRIETARIO o dei suoi licenziatari. Tutti i diritti riservati. In virt\u00f9 di quanto previsto dagli articoli 8 e 32.1, secondo comma, della Legge sulla Propriet\u00e0 Intellettuale, \u00e8 espressamente vietata la riproduzione, la distribuzione e la comunicazione al pubblico, compreso il metodo per renderli disponibili, di tutti o parte dei dati. contenuti di questo sito web, per scopi commerciali, con qualsiasi mezzo e con qualsiasi mezzo tecnico, senza l&#8217;autorizzazione del PROPRIETARIO.<\/p>\n<p><strong>Esclusione di garanzie e responsabilit\u00e0<\/strong><br \/>\n6. L&#8217;UTENTE prende atto che l&#8217;utilizzo del sito web e dei suoi contenuti e servizi \u00e8 effettuato sotto la sua esclusiva responsabilit\u00e0. In particolare, a titolo esemplificativo, THE OWNER non si assume alcuna responsabilit\u00e0 nelle seguenti aree:<\/p>\n<ul>\n<li>a) La disponibilit\u00e0 del funzionamento del sito web, dei suoi servizi e contenuti e della sua qualit\u00e0 o interoperabilit\u00e0.<\/li>\n<li>b) Lo scopo per il quale il sito web serve agli obiettivi dell&#8217;UTENTE.<\/li>\n<li>c) La violazione della normativa vigente da parte dell&#8217;UTENTE o di terzi e, in particolare, dei diritti di propriet\u00e0 intellettuale e industriale di propriet\u00e0 di altre persone o enti.<\/li>\n<li>d) L&#8217;esistenza di codici dannosi o qualsiasi altro elemento informatico dannoso che potrebbe causare il sistema informatico dell&#8217;UTENTE o di terzi. \u00c8 comunque responsabilit\u00e0 dell&#8217;UTENTE disporre di strumenti adeguati per la rilevazione e la disinfezione di questi elementi.<\/li>\n<li>e) Accesso fraudolento a contenuti o servizi da parte di terzi non autorizzati o, se del caso, acquisizione, eliminazione, alterazione, modifica o manipolazione di messaggi e comunicazioni di qualsiasi tipo che tali terzi possono effettuare.<\/li>\n<li>f) L&#8217;accuratezza, la veridicit\u00e0, la tempestivit\u00e0 e l&#8217;utilit\u00e0 dei contenuti e dei servizi offerti e il successivo utilizzo che ne fa l&#8217;UTENTE. IL TITOLARE utilizzer\u00e0 ogni ragionevole sforzo e mezzo per fornire informazioni aggiornate e affidabili.<\/li>\n<li>g) Danni causati ad apparecchiature informatiche durante l&#8217;accesso al sito e danni causati agli UTENTI quando originati da guasti o disconnessioni delle reti di telecomunicazioni che interrompono il servizio.<\/li>\n<li>h) Danni o perdite derivanti da circostanze derivanti da caso fortuito o forza maggiore.<\/li>\n<\/ul>\n<p>Nel caso in cui siano presenti forum, l&#8217;utilizzo dello stesso o di altri spazi simili, si deve tener conto che i messaggi riflettono solo l&#8217;opinione dell&#8217;UTENTE che li invia, che ne \u00e8 l&#8217;unico responsabile. IL PROPRIETARIO non \u00e8 responsabile del contenuto dei messaggi inviati dall&#8217;UTENTE.<\/p>\n<p><strong>Modifica di questo avviso legale e durata <\/strong><\/p>\n<p>7. IL PROPRIETARIO si riserva il diritto di apportare le modifiche che ritiene appropriate nel proprio portale senza preavviso, potendo cambiare, eliminare o aggiungere tanti contenuti e servizi forniti attraverso di esso, come il modo in cui appaiono rappresentati o situati sul tuo portale. La validit\u00e0 delle suddette condizioni dipender\u00e0 dalla loro esposizione e rimarr\u00e0 in vigore fino a quando non saranno modificate da altri debitamente pubblicate.<\/p>\n<p><strong>Collegamenti<\/strong><\/p>\n<p>8. Nel caso in cui www.sobicain.org includa collegamenti o collegamenti ipertestuali ad altri siti Internet, IL PROPRIETARIO non eserciter\u00e0 alcun tipo di controllo su tali siti e contenuti. In nessun caso IL PROPRIETARIO si assumer\u00e0 alcuna responsabilit\u00e0 per i contenuti di qualsiasi collegamento appartenente a un sito Web di terzi, n\u00e9 garantir\u00e0 la disponibilit\u00e0 tecnica, la qualit\u00e0, l&#8217;affidabilit\u00e0, l&#8217;accuratezza, l&#8217;ampiezza, la veridicit\u00e0, la validit\u00e0 e la costituzionalit\u00e0 di qualsiasi questione o informazione contenuta in uno qualsiasi di detti collegamenti ipertestuali e altri siti su Internet. Allo stesso modo, l&#8217;inclusione di queste connessioni esterne non implicher\u00e0 alcun tipo di associazione, fusione o partecipazione con le entit\u00e0 collegate.<\/p>\n<p><strong>Diritti di esclusione<\/strong><\/p>\n<p>9. IL TITOLARE si riserva il diritto di negare o revocare l&#8217;accesso al portale e \/ o ai servizi offerti senza preavviso, su propria richiesta o da parte di terzi, a quegli utenti che violano il contenuto della presente nota legale .<\/p>\n<p><strong>Informazioni generali <\/strong><\/p>\n<p>10. IL TITOLARE perseguir\u00e0 la violazione delle presenti condizioni nonch\u00e9 qualsiasi uso improprio del proprio portale esercitando tutte le azioni civili e penali che gli possono corrispondere per legge.<\/p>\n<p><strong>Legislazione applicabile e giurisdizione <\/strong><\/p>\n<p>11. Il rapporto tra IL TITOLARE e L&#8217;UTENTE sar\u00e0 regolato dalle attuali normative spagnole. Tutte le controversie e le rivendicazioni derivanti da questo avviso legale saranno risolte dai tribunali e tribunali spagnoli.<\/p>\n<p><strong>Minori <\/strong><\/p>\n<p>12. www.sobicain.org indirizza i propri servizi agli utenti di et\u00e0 superiore ai 18 anni. I minori di questa et\u00e0 non sono autorizzati a utilizzare i nostri servizi e non devono pertanto inviarci i propri dati personali. Si informa che qualora si verifichi una tale circostanza, IL GRUPPO SAN PABLO non \u00e8 responsabile delle possibili conseguenze che dovessero derivare dalla violazione della comunicazione stabilita in questa stessa clausola.<\/p>\n","protected":false},"excerpt":{"rendered":"<p>Note legati Dati di identificazione 1. In ottemperanza al dovere di informazione contenuto nell&#8217;articolo 10 della Legge 34\/2002, dell&#8217;11 luglio, sui Servizi della Societ\u00e0 dell&#8217;Informazione e del Commercio Elettronico, si<\/p>\n<div><a href=\"https:\/\/biblewebapp.sobicain.org\/it\/note-legali\/\" class=\"exp-read-more exp-read-more-underlined\">Read More<\/a><\/div>\n","protected":false},"author":1,"featured_media":0,"parent":0,"menu_order":0,"comment_status":"closed","ping_status":"closed","template":"","meta":[],"acf":[],"yoast_head":"<!-- This site is optimized with the Yoast SEO plugin v20.9 - https:\/\/yoast.com\/wordpress\/plugins\/seo\/ -->\n<title>Note legati - Sobicain<\/title>\n<meta name=\"description\" content=\"Note legati Dati di identificazione 1. In ottemperanza al dovere di informazione contenuto nell&#039;articolo 10 della Legge 34\/2002, dell&#039;11 luglio, sui\" \/>\n<meta name=\"robots\" content=\"noindex, follow, max-snippet:-1, max-image-preview:large, max-video-preview:-1\" \/>\n<meta property=\"og:locale\" content=\"it_IT\" \/>\n<meta property=\"og:type\" content=\"article\" \/>\n<meta property=\"og:title\" content=\"Note legati - Sobicain\" \/>\n<meta property=\"og:description\" content=\"Note legati Dati di identificazione 1. In ottemperanza al dovere di informazione contenuto nell&#039;articolo 10 della Legge 34\/2002, dell&#039;11 luglio, sui\" \/>\n<meta property=\"og:url\" content=\"https:\/\/biblewebapp.sobicain.org\/it\/note-legali\/\" \/>\n<meta property=\"og:site_name\" content=\"Sobicain\" \/>\n<meta property=\"article:publisher\" content=\"https:\/\/biblewebapp.sobicain.org\/www.facebook.com\/sspinfo\" \/>\n<meta property=\"article:modified_time\" content=\"2020-10-21T10:40:50+00:00\" \/>\n<meta property=\"og:image\" content=\"https:\/\/biblewebapp.sobicain.org\/wp-content\/uploads\/2025\/09\/home.jpg\" \/>\n\t<meta property=\"og:image:width\" content=\"1200\" \/>\n\t<meta property=\"og:image:height\" content=\"675\" \/>\n\t<meta property=\"og:image:type\" content=\"image\/jpeg\" \/>\n<meta name=\"twitter:card\" content=\"summary_large_image\" \/>\n<meta name=\"twitter:site\" content=\"@AnnoBiblico\" \/>\n<meta name=\"twitter:label1\" content=\"Tempo di lettura stimato\" \/>\n\t<meta name=\"twitter:data1\" content=\"7 minuti\" \/>\n<script type=\"application\/ld+json\" class=\"yoast-schema-graph\">{\"@context\":\"https:\/\/schema.org\",\"@graph\":[{\"@type\":\"WebPage\",\"@id\":\"https:\/\/biblewebapp.sobicain.org\/it\/note-legali\/\",\"url\":\"https:\/\/biblewebapp.sobicain.org\/it\/note-legali\/\",\"name\":\"Note legati - Sobicain\",\"isPartOf\":{\"@id\":\"https:\/\/biblewebapp.sobicain.org\/it\/#website\"},\"datePublished\":\"2020-10-20T18:07:09+00:00\",\"dateModified\":\"2020-10-21T10:40:50+00:00\",\"description\":\"Note legati Dati di identificazione 1. In ottemperanza al dovere di informazione contenuto nell'articolo 10 della Legge 34\/2002, dell'11 luglio, sui\",\"breadcrumb\":{\"@id\":\"https:\/\/biblewebapp.sobicain.org\/it\/note-legali\/#breadcrumb\"},\"inLanguage\":\"it-IT\",\"potentialAction\":[{\"@type\":\"ReadAction\",\"target\":[\"https:\/\/biblewebapp.sobicain.org\/it\/note-legali\/\"]}]},{\"@type\":\"BreadcrumbList\",\"@id\":\"https:\/\/biblewebapp.sobicain.org\/it\/note-legali\/#breadcrumb\",\"itemListElement\":[{\"@type\":\"ListItem\",\"position\":1,\"name\":\"Portada\",\"item\":\"https:\/\/biblewebapp.sobicain.org\/it\/\"},{\"@type\":\"ListItem\",\"position\":2,\"name\":\"Note legati\"}]},{\"@type\":\"WebSite\",\"@id\":\"https:\/\/biblewebapp.sobicain.org\/it\/#website\",\"url\":\"https:\/\/biblewebapp.sobicain.org\/it\/\",\"name\":\"Sobicain\",\"description\":\"Sobicain - Centro B\u00edblico San Pablo\",\"publisher\":{\"@id\":\"https:\/\/biblewebapp.sobicain.org\/it\/#organization\"},\"alternateName\":\"Centro B\u00edblico San Pablo\",\"potentialAction\":[{\"@type\":\"SearchAction\",\"target\":{\"@type\":\"EntryPoint\",\"urlTemplate\":\"https:\/\/biblewebapp.sobicain.org\/it\/?s={search_term_string}\"},\"query-input\":\"required name=search_term_string\"}],\"inLanguage\":\"it-IT\"},{\"@type\":\"Organization\",\"@id\":\"https:\/\/biblewebapp.sobicain.org\/it\/#organization\",\"name\":\"Sociedad B\u00edblica Cat\u00f3lica Internacional\",\"url\":\"https:\/\/biblewebapp.sobicain.org\/it\/\",\"logo\":{\"@type\":\"ImageObject\",\"inLanguage\":\"it-IT\",\"@id\":\"https:\/\/biblewebapp.sobicain.org\/it\/#\/schema\/logo\/image\/\",\"url\":\"https:\/\/biblewebapp.sobicain.org\/wp-content\/uploads\/2021\/05\/logo-sobicainn.png\",\"contentUrl\":\"https:\/\/biblewebapp.sobicain.org\/wp-content\/uploads\/2021\/05\/logo-sobicainn.png\",\"width\":230,\"height\":148,\"caption\":\"Sociedad B\u00edblica Cat\u00f3lica Internacional\"},\"image\":{\"@id\":\"https:\/\/biblewebapp.sobicain.org\/it\/#\/schema\/logo\/image\/\"},\"sameAs\":[\"https:\/\/biblewebapp.sobicain.org\/www.facebook.com\/sspinfo\",\"https:\/\/twitter.com\/AnnoBiblico\"]}]}<\/script>\n<!-- \/ Yoast SEO plugin. -->","yoast_head_json":{"title":"Note legati - Sobicain","description":"Note legati Dati di identificazione 1. In ottemperanza al dovere di informazione contenuto nell'articolo 10 della Legge 34\/2002, dell'11 luglio, sui","robots":{"index":"noindex","follow":"follow","max-snippet":"max-snippet:-1","max-image-preview":"max-image-preview:large","max-video-preview":"max-video-preview:-1"},"og_locale":"it_IT","og_type":"article","og_title":"Note legati - Sobicain","og_description":"Note legati Dati di identificazione 1. In ottemperanza al dovere di informazione contenuto nell'articolo 10 della Legge 34\/2002, dell'11 luglio, sui","og_url":"https:\/\/biblewebapp.sobicain.org\/it\/note-legali\/","og_site_name":"Sobicain","article_publisher":"https:\/\/biblewebapp.sobicain.org\/www.facebook.com\/sspinfo","article_modified_time":"2020-10-21T10:40:50+00:00","og_image":[{"width":1200,"height":675,"url":"https:\/\/biblewebapp.sobicain.org\/wp-content\/uploads\/2025\/09\/home.jpg","type":"image\/jpeg"}],"twitter_card":"summary_large_image","twitter_site":"@AnnoBiblico","twitter_misc":{"Tempo di lettura stimato":"7 minuti"},"schema":{"@context":"https:\/\/schema.org","@graph":[{"@type":"WebPage","@id":"https:\/\/biblewebapp.sobicain.org\/it\/note-legali\/","url":"https:\/\/biblewebapp.sobicain.org\/it\/note-legali\/","name":"Note legati - Sobicain","isPartOf":{"@id":"https:\/\/biblewebapp.sobicain.org\/it\/#website"},"datePublished":"2020-10-20T18:07:09+00:00","dateModified":"2020-10-21T10:40:50+00:00","description":"Note legati Dati di identificazione 1. In ottemperanza al dovere di informazione contenuto nell'articolo 10 della Legge 34\/2002, dell'11 luglio, sui","breadcrumb":{"@id":"https:\/\/biblewebapp.sobicain.org\/it\/note-legali\/#breadcrumb"},"inLanguage":"it-IT","potentialAction":[{"@type":"ReadAction","target":["https:\/\/biblewebapp.sobicain.org\/it\/note-legali\/"]}]},{"@type":"BreadcrumbList","@id":"https:\/\/biblewebapp.sobicain.org\/it\/note-legali\/#breadcrumb","itemListElement":[{"@type":"ListItem","position":1,"name":"Portada","item":"https:\/\/biblewebapp.sobicain.org\/it\/"},{"@type":"ListItem","position":2,"name":"Note legati"}]},{"@type":"WebSite","@id":"https:\/\/biblewebapp.sobicain.org\/it\/#website","url":"https:\/\/biblewebapp.sobicain.org\/it\/","name":"Sobicain","description":"Sobicain - Centro B\u00edblico San Pablo","publisher":{"@id":"https:\/\/biblewebapp.sobicain.org\/it\/#organization"},"alternateName":"Centro B\u00edblico San Pablo","potentialAction":[{"@type":"SearchAction","target":{"@type":"EntryPoint","urlTemplate":"https:\/\/biblewebapp.sobicain.org\/it\/?s={search_term_string}"},"query-input":"required name=search_term_string"}],"inLanguage":"it-IT"},{"@type":"Organization","@id":"https:\/\/biblewebapp.sobicain.org\/it\/#organization","name":"Sociedad B\u00edblica Cat\u00f3lica Internacional","url":"https:\/\/biblewebapp.sobicain.org\/it\/","logo":{"@type":"ImageObject","inLanguage":"it-IT","@id":"https:\/\/biblewebapp.sobicain.org\/it\/#\/schema\/logo\/image\/","url":"https:\/\/biblewebapp.sobicain.org\/wp-content\/uploads\/2021\/05\/logo-sobicainn.png","contentUrl":"https:\/\/biblewebapp.sobicain.org\/wp-content\/uploads\/2021\/05\/logo-sobicainn.png","width":230,"height":148,"caption":"Sociedad B\u00edblica Cat\u00f3lica Internacional"},"image":{"@id":"https:\/\/biblewebapp.sobicain.org\/it\/#\/schema\/logo\/image\/"},"sameAs":["https:\/\/biblewebapp.sobicain.org\/www.facebook.com\/sspinfo","https:\/\/twitter.com\/AnnoBiblico"]}]}},"_links":{"self":[{"href":"https:\/\/biblewebapp.sobicain.org\/it\/wp-json\/wp\/v2\/pages\/7357"}],"collection":[{"href":"https:\/\/biblewebapp.sobicain.org\/it\/wp-json\/wp\/v2\/pages"}],"about":[{"href":"https:\/\/biblewebapp.sobicain.org\/it\/wp-json\/wp\/v2\/types\/page"}],"author":[{"embeddable":true,"href":"https:\/\/biblewebapp.sobicain.org\/it\/wp-json\/wp\/v2\/users\/1"}],"replies":[{"embeddable":true,"href":"https:\/\/biblewebapp.sobicain.org\/it\/wp-json\/wp\/v2\/comments?post=7357"}],"version-history":[{"count":5,"href":"https:\/\/biblewebapp.sobicain.org\/it\/wp-json\/wp\/v2\/pages\/7357\/revisions"}],"predecessor-version":[{"id":7663,"href":"https:\/\/biblewebapp.sobicain.org\/it\/wp-json\/wp\/v2\/pages\/7357\/revisions\/7663"}],"wp:attachment":[{"href":"https:\/\/biblewebapp.sobicain.org\/it\/wp-json\/wp\/v2\/media?parent=7357"}],"curies":[{"name":"wp","href":"https:\/\/api.w.org\/{rel}","templated":true}]}}