{"id":7355,"date":"2020-10-20T18:06:45","date_gmt":"2020-10-20T18:06:45","guid":{"rendered":"https:\/\/www.sobicain.org\/?page_id=7355"},"modified":"2020-12-09T11:41:58","modified_gmt":"2020-12-09T11:41:58","slug":"politica-sulla-riservatezza","status":"publish","type":"page","link":"https:\/\/biblewebapp.sobicain.org\/it\/politica-sulla-riservatezza\/","title":{"rendered":"Politica sulla riservatezza"},"content":{"rendered":"<p><\/p>\r\n<h2 class=\"wp-block-heading\">Politica sulla riservatezza<\/h2>\r\n<h4>PROTEZIONE DATI<\/h4>\r\n<h5>RESPONSABILE<\/h5>\r\n<p><strong>1. Identit\u00e0<\/strong> <br \/>GRUPO SAN PABLO che include SAN PABLO COMUNICACI\u00d3N SSP con CIF: R7800045B, SAN PABLO DIFUSION SSP con CIF: R7800046J, SAN PABLO INTERNACIONAL SSP con CIF: R7800047H e SOCIEDAD DE SAN PABLO con CIF: R2800254IOA<\/p>\r\n<p>Indirizzo: Protasio G\u00f3mez 15<br \/>Citt\u00e0: MADRID <br \/>CP: 28027 <br \/>Telefono: 917425113 <br \/>E-Mail: protecciondatos@sanpablo.es<\/p>\r\n<p>Dati di contatto del delegato alla protezione dei dati: SEGURIDAD Y PRIVACIDAD DE DATOS SL (FORLOPD) <br \/>E-Mail: infodpo@forlopd.es<\/p>\r\n<h5>FINALIT\u00c0<\/h5>\r\n<p><strong>2. I dati personali<\/strong> che ci fornisci, cos\u00ec come quelli ottenuti durante la navigazione nei nostri siti, verranno utilizzati per le seguenti finalit\u00e0:<\/p>\r\n<p>a) Fornire il servizio di registrazione al sito e i relativi servizi, da presupposti alla stipula dei contratti di vendita, per la loro esecuzione ed a tutela delle posizioni creditorie da essi derivate (esecuzione del contratto tra le parti);<\/p>\r\n<p>b) Per esigenze di tipo operativo, gestionale, amministrativo e contabile, comprese le comunicazioni tramite posta elettronica di fatture commerciali (per adempiere agli obblighi previsti da leggi e \/ o regolamenti, in particolare in materia fiscale);<\/p>\r\n<p>c) Consenso all&#8217;accesso e alla navigazione nei siti, compilare statistiche anonime sul loro utilizzo, controllarne il funzionamento e verificare eventuali responsabilit\u00e0 in caso di atti illeciti (legittimo interesse del Grupo San Pablo);<\/p>\r\n<p>d) Svolgere attivit\u00e0 di marketing, informazioni commerciali e promozionali per tutte le societ\u00e0 del Grupo San Pablo, anche basate sulla profilazione, incluso l&#8217;invio di newsletter e materiale pubblicitario tramite applicazioni di messaggistica. Le attivit\u00e0 di profilazione svolte saranno basate sull&#8217;analisi dei comportamenti di navigazione e di acquisto e verranno utilizzate per finalit\u00e0 pubblicitarie in base al loro comportamento (previo consenso esplicito).<\/p>\r\n<p>Il conferimento dei dati per le finalit\u00e0 contrattuali di cui ai punti\u00a0a), b) ec) \u00e8 obbligatorio (il suo mancato conferimento non consentir\u00e0 la prosecuzione del contratto di vendita e la fornitura dei relativi servizi). Per le finalit\u00e0 di marketing di cui al punto d), verr\u00e0 richiesto il suo consenso, fermo restando il diritto di revoca in qualsiasi momento (ferma restando la liceit\u00e0 del trattamento precedente).<\/p>\r\n<h5>CONSERVAZIONE<\/h5>\r\n<p><strong>3. Termini o criteri per la conservazione dei dati:<\/strong> I dati personali forniti saranno conservati fintanto che sar\u00e0 mantenuto il rapporto con l&#8217;ente e la sua cancellazione non sar\u00e0 richiesta dall&#8217;interessato, saranno conservati nel rispetto dei termini di legge stabiliti in materia fiscale e contabile, prendendo come riferimento l&#8217;ultima comunicazione.<\/p>\r\n<h5>DECISIONI<\/h5>\r\n<p><strong>4. Decisioni automatizzate, profili e logica applicata:<\/strong> L&#8217;azienda NON prender\u00e0 decisioni automatizzate, profili o logica applicata ai dati.<\/p>\r\n<h5>LEGITTIMAZIONE<\/h5>\r\n<p><strong>5. Legittimazione per l&#8217;esecuzione di un contratto:<\/strong> Poich\u00e9 il trattamento \u00e8 necessario per l&#8217;esecuzione di un contratto commerciale, di cui sei parte, si precisa che la tipologia di contratto in questione \u00e8 il suddetto contratto commerciale o il rapporto precontrattuale. Essendo la comunicazione dei dati personali un requisito legale o contrattuale e un requisito necessario per la sottoscrizione del suddetto contratto, si informa l&#8217;interessato che \u00e8 obbligato a fornire i dati personali, cos\u00ec come le conseguenze del mancato conferimento possono comportare il mancato conferimento del servizio sollecitato.<\/p>\r\n<h5>DESTINATARI<\/h5>\r\n<p><strong>6. Per tutta la durata del trattamento,<\/strong> IL GRUPPO SAN PABLO svolger\u00e0 gli incarichi legali previsti, la gestione con enti ed enti bancari o soggetti direttamente legati al responsabile.<\/p>\r\n<h5>TRASFERIMENTI<\/h5>\r\n<p><strong>7. Facoltativamente, verranno effettuati trasferimenti temporanei a Societ\u00e0 di servizi IT:<\/strong> Responsabili del trattamento extra UE, coperti dal Privacy Shield. L&#8217;Entit\u00e0 contrae la propria infrastruttura virtuale secondo un modello di cloud computing tramite un fornitore e in base all&#8217;accordo EU-US Privacy Shield. &#8211; Informazioni disponibili all&#8217;indirizzo: https:\/\/www.privacyshield.gov<\/p>\r\n<h5>DIRITTI<\/h5>\r\n<p><strong>8. L&#8217;interessato pu\u00f2 esercitare i seguenti diritti:<\/strong><\/p>\r\n<ul>\r\n<li>Diritto di richiedere l&#8217;accesso ai propri dati personali.<\/li>\r\n<li>Diritto di richiederne la rettifica o la cancellazione.<\/li>\r\n<li>Diritto di richiedere la limitazione del trattamento.<\/li>\r\n<li>Diritto di opposizione al trattamento.<\/li>\r\n<li>Diritto alla portabilit\u00e0 dei dati.<\/li>\r\n<li>Diritto di revocare il consenso prestato.<\/li>\r\n<\/ul>\r\n<p>Chiunque ha diritto di ottenere la conferma che l&#8217;Ente tratti o meno dati personali che lo riguardano. Le persone interessate hanno il diritto di accedere ai propri dati personali, nonch\u00e9 di richiedere la rettifica di dati inesatti o, se del caso, chiederne la cancellazione quando, tra le altre ragioni, i dati non sono pi\u00f9 necessari per le finalit\u00e0 per le quali sono stati raccolti. In determinate circostanze, gli interessati possono richiedere la limitazione del trattamento dei propri i tuoi dati, nel qual caso li conserveremo solo per l&#8217;esercizio o la difesa di reclami. In determinate circostanze e per motivi connessi alla loro situazione particolare, gli interessati possono opporsi al trattamento dei propri dati. In questo caso, l&#8217;entit\u00e0 interromper\u00e0 il trattamento dei dati, salvo per motivi legittimi impellenti, o l&#8217;esercizio o la difesa di eventuali reclami. Se hai prestato il consenso per una determinata finalit\u00e0, hai il diritto di revocare il consenso prestato in qualsiasi momento, senza pregiudicare la liceit\u00e0 del trattamento basata sul consenso prima della revoca. Per fare ci\u00f2, puoi utilizzare i moduli forniti dall&#8217;azienda o scrivere a: GRUPO SAN PABLO, C \/ Protasio G\u00f3mez, 15 (28027 Madrid) aggiungendo il riferimento: Protezione dei dati Puoi anche inviare un&#8217;e-mail a: protecciondatos@sanpablo.es Nel caso in cui ritieni che i tuoi diritti siano violati in materia di protezione dei tuoi dati personali, soprattutto quando non hai ottenuto soddisfazione nell&#8217;esercizio dei tuoi diritti, puoi proporre reclamo all&#8217;Autorit\u00e0 Garante per la Protezione dei Dati Personali tramite dal suo sito web: www.agpd.es. In ottemperanza a quanto previsto dall&#8217;articolo 21 della Legge 34\/2002 sui servizi della societ\u00e0 dell&#8217;informazione e del commercio elettronico, se non desideri ricevere maggiori informazioni sui nostri servizi, puoi cancellarti nell&#8217;email sopra, indicando nell&#8217;oggetto &#8220;Non inviare email&#8221;.<\/p>\r\n<h5>ORIGINE DEI DATI<\/h5>\r\n<p>I dati personali che trattiamo presso GRUPO SAN PABLO provengono direttamente da te: l&#8217;interessato o il suo legale rappresentante. Le categorie di dati che vengono elaborati sono:<\/p>\r\n<ul>\r\n<li>Carattere identificativo<\/li>\r\n<li>Caratteristiche personali<\/li>\r\n<li>Circostanze sociali<\/li>\r\n<li>Accademico e professionale<\/li>\r\n<li>Economico-finanziario<\/li>\r\n<li>Transazioni di beni e servizi<\/li>\r\n<\/ul>\r\n<p>Non vengono trattati dati particolarmente protetti.<\/p>\r\n<p>\r\n\r\n<\/p>","protected":false},"excerpt":{"rendered":"<p>Politica sulla riservatezza PROTEZIONE DATI RESPONSABILE 1. Identit\u00e0 GRUPO SAN PABLO che include SAN PABLO COMUNICACI\u00d3N SSP con CIF: R7800045B, SAN PABLO DIFUSION SSP con CIF: R7800046J, SAN PABLO INTERNACIONAL<\/p>\n<div><a href=\"https:\/\/biblewebapp.sobicain.org\/it\/politica-sulla-riservatezza\/\" class=\"exp-read-more exp-read-more-underlined\">Read More<\/a><\/div>\n","protected":false},"author":1,"featured_media":0,"parent":0,"menu_order":0,"comment_status":"closed","ping_status":"open","template":"","meta":[],"acf":[],"yoast_head":"<!-- This site is optimized with the Yoast SEO plugin v20.9 - https:\/\/yoast.com\/wordpress\/plugins\/seo\/ -->\n<title>Politica sulla riservatezza - Sobicain<\/title>\n<meta name=\"description\" content=\"Politica sulla riservatezza PROTEZIONE DATI RESPONSABILE 1. Identit\u00e0 GRUPO SAN PABLO che include SAN PABLO COMUNICACI\u00d3N SSP con CIF: R7800045B, SAN PABLO\" \/>\n<meta name=\"robots\" content=\"noindex, follow, max-snippet:-1, max-image-preview:large, max-video-preview:-1\" \/>\n<meta property=\"og:locale\" content=\"it_IT\" \/>\n<meta property=\"og:type\" content=\"article\" \/>\n<meta property=\"og:title\" content=\"Politica sulla riservatezza - Sobicain\" \/>\n<meta property=\"og:description\" content=\"Politica sulla riservatezza PROTEZIONE DATI RESPONSABILE 1. Identit\u00e0 GRUPO SAN PABLO che include SAN PABLO COMUNICACI\u00d3N SSP con CIF: R7800045B, SAN PABLO\" \/>\n<meta property=\"og:url\" content=\"https:\/\/biblewebapp.sobicain.org\/it\/politica-sulla-riservatezza\/\" \/>\n<meta property=\"og:site_name\" content=\"Sobicain\" \/>\n<meta property=\"article:publisher\" content=\"https:\/\/biblewebapp.sobicain.org\/www.facebook.com\/sspinfo\" \/>\n<meta property=\"article:modified_time\" content=\"2020-12-09T11:41:58+00:00\" \/>\n<meta property=\"og:image\" content=\"https:\/\/biblewebapp.sobicain.org\/wp-content\/uploads\/2025\/09\/home.jpg\" \/>\n\t<meta property=\"og:image:width\" content=\"1200\" \/>\n\t<meta property=\"og:image:height\" content=\"675\" \/>\n\t<meta property=\"og:image:type\" content=\"image\/jpeg\" \/>\n<meta name=\"twitter:card\" content=\"summary_large_image\" \/>\n<meta name=\"twitter:site\" content=\"@AnnoBiblico\" \/>\n<meta name=\"twitter:label1\" content=\"Tempo di lettura stimato\" \/>\n\t<meta name=\"twitter:data1\" content=\"5 minuti\" \/>\n<script type=\"application\/ld+json\" class=\"yoast-schema-graph\">{\"@context\":\"https:\/\/schema.org\",\"@graph\":[{\"@type\":\"WebPage\",\"@id\":\"https:\/\/biblewebapp.sobicain.org\/it\/politica-sulla-riservatezza\/\",\"url\":\"https:\/\/biblewebapp.sobicain.org\/it\/politica-sulla-riservatezza\/\",\"name\":\"Politica sulla riservatezza - Sobicain\",\"isPartOf\":{\"@id\":\"https:\/\/biblewebapp.sobicain.org\/it\/#website\"},\"datePublished\":\"2020-10-20T18:06:45+00:00\",\"dateModified\":\"2020-12-09T11:41:58+00:00\",\"description\":\"Politica sulla riservatezza PROTEZIONE DATI RESPONSABILE 1. Identit\u00e0 GRUPO SAN PABLO che include SAN PABLO COMUNICACI\u00d3N SSP con CIF: R7800045B, SAN PABLO\",\"breadcrumb\":{\"@id\":\"https:\/\/biblewebapp.sobicain.org\/it\/politica-sulla-riservatezza\/#breadcrumb\"},\"inLanguage\":\"it-IT\",\"potentialAction\":[{\"@type\":\"ReadAction\",\"target\":[\"https:\/\/biblewebapp.sobicain.org\/it\/politica-sulla-riservatezza\/\"]}]},{\"@type\":\"BreadcrumbList\",\"@id\":\"https:\/\/biblewebapp.sobicain.org\/it\/politica-sulla-riservatezza\/#breadcrumb\",\"itemListElement\":[{\"@type\":\"ListItem\",\"position\":1,\"name\":\"Portada\",\"item\":\"https:\/\/biblewebapp.sobicain.org\/it\/\"},{\"@type\":\"ListItem\",\"position\":2,\"name\":\"Politica sulla riservatezza\"}]},{\"@type\":\"WebSite\",\"@id\":\"https:\/\/biblewebapp.sobicain.org\/it\/#website\",\"url\":\"https:\/\/biblewebapp.sobicain.org\/it\/\",\"name\":\"Sobicain\",\"description\":\"Sobicain - Centro B\u00edblico San Pablo\",\"publisher\":{\"@id\":\"https:\/\/biblewebapp.sobicain.org\/it\/#organization\"},\"alternateName\":\"Centro B\u00edblico San Pablo\",\"potentialAction\":[{\"@type\":\"SearchAction\",\"target\":{\"@type\":\"EntryPoint\",\"urlTemplate\":\"https:\/\/biblewebapp.sobicain.org\/it\/?s={search_term_string}\"},\"query-input\":\"required name=search_term_string\"}],\"inLanguage\":\"it-IT\"},{\"@type\":\"Organization\",\"@id\":\"https:\/\/biblewebapp.sobicain.org\/it\/#organization\",\"name\":\"Sociedad B\u00edblica Cat\u00f3lica Internacional\",\"url\":\"https:\/\/biblewebapp.sobicain.org\/it\/\",\"logo\":{\"@type\":\"ImageObject\",\"inLanguage\":\"it-IT\",\"@id\":\"https:\/\/biblewebapp.sobicain.org\/it\/#\/schema\/logo\/image\/\",\"url\":\"https:\/\/biblewebapp.sobicain.org\/wp-content\/uploads\/2021\/05\/logo-sobicainn.png\",\"contentUrl\":\"https:\/\/biblewebapp.sobicain.org\/wp-content\/uploads\/2021\/05\/logo-sobicainn.png\",\"width\":230,\"height\":148,\"caption\":\"Sociedad B\u00edblica Cat\u00f3lica Internacional\"},\"image\":{\"@id\":\"https:\/\/biblewebapp.sobicain.org\/it\/#\/schema\/logo\/image\/\"},\"sameAs\":[\"https:\/\/biblewebapp.sobicain.org\/www.facebook.com\/sspinfo\",\"https:\/\/twitter.com\/AnnoBiblico\"]}]}<\/script>\n<!-- \/ Yoast SEO plugin. -->","yoast_head_json":{"title":"Politica sulla riservatezza - Sobicain","description":"Politica sulla riservatezza PROTEZIONE DATI RESPONSABILE 1. Identit\u00e0 GRUPO SAN PABLO che include SAN PABLO COMUNICACI\u00d3N SSP con CIF: R7800045B, SAN PABLO","robots":{"index":"noindex","follow":"follow","max-snippet":"max-snippet:-1","max-image-preview":"max-image-preview:large","max-video-preview":"max-video-preview:-1"},"og_locale":"it_IT","og_type":"article","og_title":"Politica sulla riservatezza - Sobicain","og_description":"Politica sulla riservatezza PROTEZIONE DATI RESPONSABILE 1. Identit\u00e0 GRUPO SAN PABLO che include SAN PABLO COMUNICACI\u00d3N SSP con CIF: R7800045B, SAN PABLO","og_url":"https:\/\/biblewebapp.sobicain.org\/it\/politica-sulla-riservatezza\/","og_site_name":"Sobicain","article_publisher":"https:\/\/biblewebapp.sobicain.org\/www.facebook.com\/sspinfo","article_modified_time":"2020-12-09T11:41:58+00:00","og_image":[{"width":1200,"height":675,"url":"https:\/\/biblewebapp.sobicain.org\/wp-content\/uploads\/2025\/09\/home.jpg","type":"image\/jpeg"}],"twitter_card":"summary_large_image","twitter_site":"@AnnoBiblico","twitter_misc":{"Tempo di lettura stimato":"5 minuti"},"schema":{"@context":"https:\/\/schema.org","@graph":[{"@type":"WebPage","@id":"https:\/\/biblewebapp.sobicain.org\/it\/politica-sulla-riservatezza\/","url":"https:\/\/biblewebapp.sobicain.org\/it\/politica-sulla-riservatezza\/","name":"Politica sulla riservatezza - Sobicain","isPartOf":{"@id":"https:\/\/biblewebapp.sobicain.org\/it\/#website"},"datePublished":"2020-10-20T18:06:45+00:00","dateModified":"2020-12-09T11:41:58+00:00","description":"Politica sulla riservatezza PROTEZIONE DATI RESPONSABILE 1. Identit\u00e0 GRUPO SAN PABLO che include SAN PABLO COMUNICACI\u00d3N SSP con CIF: R7800045B, SAN PABLO","breadcrumb":{"@id":"https:\/\/biblewebapp.sobicain.org\/it\/politica-sulla-riservatezza\/#breadcrumb"},"inLanguage":"it-IT","potentialAction":[{"@type":"ReadAction","target":["https:\/\/biblewebapp.sobicain.org\/it\/politica-sulla-riservatezza\/"]}]},{"@type":"BreadcrumbList","@id":"https:\/\/biblewebapp.sobicain.org\/it\/politica-sulla-riservatezza\/#breadcrumb","itemListElement":[{"@type":"ListItem","position":1,"name":"Portada","item":"https:\/\/biblewebapp.sobicain.org\/it\/"},{"@type":"ListItem","position":2,"name":"Politica sulla riservatezza"}]},{"@type":"WebSite","@id":"https:\/\/biblewebapp.sobicain.org\/it\/#website","url":"https:\/\/biblewebapp.sobicain.org\/it\/","name":"Sobicain","description":"Sobicain - Centro B\u00edblico San Pablo","publisher":{"@id":"https:\/\/biblewebapp.sobicain.org\/it\/#organization"},"alternateName":"Centro B\u00edblico San Pablo","potentialAction":[{"@type":"SearchAction","target":{"@type":"EntryPoint","urlTemplate":"https:\/\/biblewebapp.sobicain.org\/it\/?s={search_term_string}"},"query-input":"required name=search_term_string"}],"inLanguage":"it-IT"},{"@type":"Organization","@id":"https:\/\/biblewebapp.sobicain.org\/it\/#organization","name":"Sociedad B\u00edblica Cat\u00f3lica Internacional","url":"https:\/\/biblewebapp.sobicain.org\/it\/","logo":{"@type":"ImageObject","inLanguage":"it-IT","@id":"https:\/\/biblewebapp.sobicain.org\/it\/#\/schema\/logo\/image\/","url":"https:\/\/biblewebapp.sobicain.org\/wp-content\/uploads\/2021\/05\/logo-sobicainn.png","contentUrl":"https:\/\/biblewebapp.sobicain.org\/wp-content\/uploads\/2021\/05\/logo-sobicainn.png","width":230,"height":148,"caption":"Sociedad B\u00edblica Cat\u00f3lica Internacional"},"image":{"@id":"https:\/\/biblewebapp.sobicain.org\/it\/#\/schema\/logo\/image\/"},"sameAs":["https:\/\/biblewebapp.sobicain.org\/www.facebook.com\/sspinfo","https:\/\/twitter.com\/AnnoBiblico"]}]}},"_links":{"self":[{"href":"https:\/\/biblewebapp.sobicain.org\/it\/wp-json\/wp\/v2\/pages\/7355"}],"collection":[{"href":"https:\/\/biblewebapp.sobicain.org\/it\/wp-json\/wp\/v2\/pages"}],"about":[{"href":"https:\/\/biblewebapp.sobicain.org\/it\/wp-json\/wp\/v2\/types\/page"}],"author":[{"embeddable":true,"href":"https:\/\/biblewebapp.sobicain.org\/it\/wp-json\/wp\/v2\/users\/1"}],"replies":[{"embeddable":true,"href":"https:\/\/biblewebapp.sobicain.org\/it\/wp-json\/wp\/v2\/comments?post=7355"}],"version-history":[{"count":5,"href":"https:\/\/biblewebapp.sobicain.org\/it\/wp-json\/wp\/v2\/pages\/7355\/revisions"}],"predecessor-version":[{"id":8783,"href":"https:\/\/biblewebapp.sobicain.org\/it\/wp-json\/wp\/v2\/pages\/7355\/revisions\/8783"}],"wp:attachment":[{"href":"https:\/\/biblewebapp.sobicain.org\/it\/wp-json\/wp\/v2\/media?parent=7355"}],"curies":[{"name":"wp","href":"https:\/\/api.w.org\/{rel}","templated":true}]}}